{"id":634,"date":"2026-03-19T17:35:14","date_gmt":"2026-03-19T16:35:14","guid":{"rendered":"https:\/\/www.holitra.com\/cookie-policy"},"modified":"2026-05-12T20:27:21","modified_gmt":"2026-05-12T18:27:21","slug":"cookie-richtlinie","status":"publish","type":"page","link":"https:\/\/www.holitra.com\/de\/cookie-richtlinie","title":{"rendered":"Cookie policy (EU)"},"content":{"rendered":"\n\n\t<section class=\"section\" id=\"section_98620687\">\n\t\t<div class=\"section-bg fill\" >\n\t\t\t\t\t\t\t\t\t\n\t\t\t\n\n\t\t<\/div>\n\n\t\t\n\n\t\t<div class=\"section-content relative\">\n\t\t\t\n\n\t<div id=\"gap-670481539\" class=\"gap-element clearfix\" style=\"display:block; height:auto;\">\n\t\t\n<style>\n#gap-670481539 {\n  padding-top: 30px;\n}\n<\/style>\n\t<\/div>\n\t\n\n<div class=\"row\"  id=\"row-2115597598\">\n\n\n\t<div id=\"col-380444132\" class=\"col medium-4 small-12 large-4\"  >\n\t\t\t\t<div class=\"col-inner\"  >\n\t\t\t\n\t\t\t\n\n\t<div id=\"text-270290884\" class=\"text\">\n\t\t\n\n<h2>Cookie-Richtlinie<\/h2>\n\t\t\n<style>\n#text-270290884 {\n  font-size: 1.75rem;\n}\n<\/style>\n\t<\/div>\n\t\n\n\t\t<\/div>\n\t\t\t\t\t<\/div>\n\n\t\n\n\t<div id=\"col-233450096\" class=\"col medium-8 small-12 large-8\"  >\n\t\t\t\t<div class=\"col-inner\"  >\n\t\t\t\n\t\t\t\n\n<p>Diese Website verwendet Cookies, um die ordnungsgem\u00e4\u00dfe Funktion der Website sicherzustellen und zu verstehen, wie sie genutzt wird.<\/p>\n\n<p>Wir verwenden notwendige Cookies, die f\u00fcr den Betrieb der Website erforderlich sind. Diese Cookies erfassen keine personenbezogenen Daten.<\/p>\n\n<p>Dar\u00fcber hinaus k\u00f6nnen wir grundlegende Analyse-Tools verwenden, um besser zu verstehen, wie Besucher mit der Website interagieren, sowie zur Verbesserung von Performance und Inhalten.<\/p>\n\n<p>Sie k\u00f6nnen Cookies \u00fcber das Cookie-Banner akzeptieren oder ablehnen. Ihre Einstellungen k\u00f6nnen Sie jederzeit anpassen.<\/p>\n\n<p>Wenn Sie Fragen zur Verwendung von Cookies haben, kontaktieren Sie uns bitte unter &#105;n&#x66;o&#x40;&#104;&#x6f;&#108;&#x69;&#116;r&#x61;&#46;&#x63;&#111;&#x6d;.<\/p>\n\n\t\t<\/div>\n\t\t\t\t\t<\/div>\n\n\t\n\n<\/div>\n\n\t\t<\/div>\n\n\t\t\n<style>\n#section_98620687 {\n  padding-top: 30px;\n  padding-bottom: 30px;\n}\n<\/style>\n\t<\/section>\n\t\n","protected":false},"excerpt":{"rendered":"","protected":false},"author":1,"featured_media":0,"parent":0,"menu_order":0,"comment_status":"closed","ping_status":"closed","template":"","meta":{"footnotes":""},"class_list":["post-634","page","type-page","status-publish","hentry"],"yoast_head":"<!-- This site is optimized with the Yoast SEO plugin v27.2 - https:\/\/yoast.com\/product\/yoast-seo-wordpress\/ -->\n<title>Cookie policy (EU) | HOLITRA<\/title>\n<meta name=\"description\" content=\"Ganzheitliche Nachhaltigkeitsberatung f\u00fcr Unternehmen der Hotel- und Tourismusbranche. Von der Strategie bis zur Umsetzung.\" \/>\n<meta name=\"robots\" content=\"index, follow, max-snippet:-1, max-image-preview:large, max-video-preview:-1\" \/>\n<link rel=\"canonical\" href=\"https:\/\/www.holitra.com\/de\/cookie-richtlinie\" \/>\n<meta property=\"og:locale\" content=\"de_DE\" \/>\n<meta property=\"og:type\" content=\"article\" \/>\n<meta property=\"og:title\" content=\"Cookie policy (EU) | HOLITRA\" \/>\n<meta property=\"og:description\" content=\"Ganzheitliche Nachhaltigkeitsberatung f\u00fcr Unternehmen der Hotel- und Tourismusbranche. Von der Strategie bis zur Umsetzung.\" \/>\n<meta property=\"og:url\" content=\"https:\/\/www.holitra.com\/de\/cookie-richtlinie\" \/>\n<meta property=\"og:site_name\" content=\"HOLITRA\" \/>\n<meta property=\"article:modified_time\" content=\"2026-05-12T18:27:21+00:00\" \/>\n<meta name=\"twitter:card\" content=\"summary_large_image\" \/>\n<meta name=\"twitter:label1\" content=\"Gesch\u00e4tzte Lesezeit\" \/>\n\t<meta name=\"twitter:data1\" content=\"1\u00a0Minute\" \/>\n<script type=\"application\/ld+json\" class=\"yoast-schema-graph\">{\"@context\":\"https:\/\/schema.org\",\"@graph\":[{\"@type\":\"WebPage\",\"@id\":\"https:\/\/www.holitra.com\/de\/cookie-richtlinie\",\"url\":\"https:\/\/www.holitra.com\/de\/cookie-richtlinie\",\"name\":\"Cookie policy (EU) | HOLITRA\",\"isPartOf\":{\"@id\":\"https:\/\/www.holitra.com\/de\/#website\"},\"datePublished\":\"2026-03-19T16:35:14+00:00\",\"dateModified\":\"2026-05-12T18:27:21+00:00\",\"description\":\"Ganzheitliche Nachhaltigkeitsberatung f\u00fcr Unternehmen der Hotel- und Tourismusbranche. Von der Strategie bis zur Umsetzung.\",\"breadcrumb\":{\"@id\":\"https:\/\/www.holitra.com\/de\/cookie-richtlinie#breadcrumb\"},\"inLanguage\":\"de\",\"potentialAction\":[{\"@type\":\"ReadAction\",\"target\":[\"https:\/\/www.holitra.com\/de\/cookie-richtlinie\"]}]},{\"@type\":\"BreadcrumbList\",\"@id\":\"https:\/\/www.holitra.com\/de\/cookie-richtlinie#breadcrumb\",\"itemListElement\":[{\"@type\":\"ListItem\",\"position\":1,\"name\":\"Domovsk\u00e1 str\u00e1nka\",\"item\":\"https:\/\/www.holitra.com\/de\"},{\"@type\":\"ListItem\",\"position\":2,\"name\":\"Cookie policy (EU)\"}]},{\"@type\":\"WebSite\",\"@id\":\"https:\/\/www.holitra.com\/de\/#website\",\"url\":\"https:\/\/www.holitra.com\/de\/\",\"name\":\"HOLITRA\",\"description\":\"Holistic sustainability strategies for hospitality and tourism\",\"publisher\":{\"@id\":\"https:\/\/www.holitra.com\/de\/#organization\"},\"potentialAction\":[{\"@type\":\"SearchAction\",\"target\":{\"@type\":\"EntryPoint\",\"urlTemplate\":\"https:\/\/www.holitra.com\/de\/?s={search_term_string}\"},\"query-input\":{\"@type\":\"PropertyValueSpecification\",\"valueRequired\":true,\"valueName\":\"search_term_string\"}}],\"inLanguage\":\"de\"},{\"@type\":\"Organization\",\"@id\":\"https:\/\/www.holitra.com\/de\/#organization\",\"name\":\"HOLITRA\",\"url\":\"https:\/\/www.holitra.com\/de\/\",\"logo\":{\"@type\":\"ImageObject\",\"inLanguage\":\"de\",\"@id\":\"https:\/\/www.holitra.com\/de\/#\/schema\/logo\/image\/\",\"url\":\"https:\/\/www.holitra.com\/wp-content\/uploads\/2026\/03\/holitra_logo_favicon_ikona_512x512px-1.svg\",\"contentUrl\":\"https:\/\/www.holitra.com\/wp-content\/uploads\/2026\/03\/holitra_logo_favicon_ikona_512x512px-1.svg\",\"width\":1,\"height\":1,\"caption\":\"HOLITRA\"},\"image\":{\"@id\":\"https:\/\/www.holitra.com\/de\/#\/schema\/logo\/image\/\"},\"sameAs\":[\"https:\/\/www.linkedin.com\/company\/holitra\/\"]}]}<\/script>\n<!-- \/ Yoast SEO plugin. -->","yoast_head_json":{"title":"Cookie policy (EU) | HOLITRA","description":"Ganzheitliche Nachhaltigkeitsberatung f\u00fcr Unternehmen der Hotel- und Tourismusbranche. Von der Strategie bis zur Umsetzung.","robots":{"index":"index","follow":"follow","max-snippet":"max-snippet:-1","max-image-preview":"max-image-preview:large","max-video-preview":"max-video-preview:-1"},"canonical":"https:\/\/www.holitra.com\/de\/cookie-richtlinie","og_locale":"de_DE","og_type":"article","og_title":"Cookie policy (EU) | HOLITRA","og_description":"Ganzheitliche Nachhaltigkeitsberatung f\u00fcr Unternehmen der Hotel- und Tourismusbranche. Von der Strategie bis zur Umsetzung.","og_url":"https:\/\/www.holitra.com\/de\/cookie-richtlinie","og_site_name":"HOLITRA","article_modified_time":"2026-05-12T18:27:21+00:00","twitter_card":"summary_large_image","twitter_misc":{"Gesch\u00e4tzte Lesezeit":"1\u00a0Minute"},"schema":{"@context":"https:\/\/schema.org","@graph":[{"@type":"WebPage","@id":"https:\/\/www.holitra.com\/de\/cookie-richtlinie","url":"https:\/\/www.holitra.com\/de\/cookie-richtlinie","name":"Cookie policy (EU) | HOLITRA","isPartOf":{"@id":"https:\/\/www.holitra.com\/de\/#website"},"datePublished":"2026-03-19T16:35:14+00:00","dateModified":"2026-05-12T18:27:21+00:00","description":"Ganzheitliche Nachhaltigkeitsberatung f\u00fcr Unternehmen der Hotel- und Tourismusbranche. Von der Strategie bis zur Umsetzung.","breadcrumb":{"@id":"https:\/\/www.holitra.com\/de\/cookie-richtlinie#breadcrumb"},"inLanguage":"de","potentialAction":[{"@type":"ReadAction","target":["https:\/\/www.holitra.com\/de\/cookie-richtlinie"]}]},{"@type":"BreadcrumbList","@id":"https:\/\/www.holitra.com\/de\/cookie-richtlinie#breadcrumb","itemListElement":[{"@type":"ListItem","position":1,"name":"Domovsk\u00e1 str\u00e1nka","item":"https:\/\/www.holitra.com\/de"},{"@type":"ListItem","position":2,"name":"Cookie policy (EU)"}]},{"@type":"WebSite","@id":"https:\/\/www.holitra.com\/de\/#website","url":"https:\/\/www.holitra.com\/de\/","name":"HOLITRA","description":"Holistic sustainability strategies for hospitality and tourism","publisher":{"@id":"https:\/\/www.holitra.com\/de\/#organization"},"potentialAction":[{"@type":"SearchAction","target":{"@type":"EntryPoint","urlTemplate":"https:\/\/www.holitra.com\/de\/?s={search_term_string}"},"query-input":{"@type":"PropertyValueSpecification","valueRequired":true,"valueName":"search_term_string"}}],"inLanguage":"de"},{"@type":"Organization","@id":"https:\/\/www.holitra.com\/de\/#organization","name":"HOLITRA","url":"https:\/\/www.holitra.com\/de\/","logo":{"@type":"ImageObject","inLanguage":"de","@id":"https:\/\/www.holitra.com\/de\/#\/schema\/logo\/image\/","url":"https:\/\/www.holitra.com\/wp-content\/uploads\/2026\/03\/holitra_logo_favicon_ikona_512x512px-1.svg","contentUrl":"https:\/\/www.holitra.com\/wp-content\/uploads\/2026\/03\/holitra_logo_favicon_ikona_512x512px-1.svg","width":1,"height":1,"caption":"HOLITRA"},"image":{"@id":"https:\/\/www.holitra.com\/de\/#\/schema\/logo\/image\/"},"sameAs":["https:\/\/www.linkedin.com\/company\/holitra\/"]}]}},"_links":{"self":[{"href":"https:\/\/www.holitra.com\/de\/wp-json\/wp\/v2\/pages\/634","targetHints":{"allow":["GET"]}}],"collection":[{"href":"https:\/\/www.holitra.com\/de\/wp-json\/wp\/v2\/pages"}],"about":[{"href":"https:\/\/www.holitra.com\/de\/wp-json\/wp\/v2\/types\/page"}],"author":[{"embeddable":true,"href":"https:\/\/www.holitra.com\/de\/wp-json\/wp\/v2\/users\/1"}],"replies":[{"embeddable":true,"href":"https:\/\/www.holitra.com\/de\/wp-json\/wp\/v2\/comments?post=634"}],"version-history":[{"count":0,"href":"https:\/\/www.holitra.com\/de\/wp-json\/wp\/v2\/pages\/634\/revisions"}],"wp:attachment":[{"href":"https:\/\/www.holitra.com\/de\/wp-json\/wp\/v2\/media?parent=634"}],"curies":[{"name":"wp","href":"https:\/\/api.w.org\/{rel}","templated":true}]}}